{"id":3650,"date":"2024-09-12T11:23:04","date_gmt":"2024-09-12T15:23:04","guid":{"rendered":"https:\/\/dev.olivierraude.me\/perspectivesjeunesse\/?page_id=3650"},"modified":"2024-11-04T12:53:55","modified_gmt":"2024-11-04T16:53:55","slug":"temoignages","status":"publish","type":"page","link":"https:\/\/dev.olivierraude.me\/perspectivesjeunesse\/temoignages\/","title":{"rendered":"Entrevues radio"},"content":{"rendered":"<section class=\"l-section wpb_row us_custom_36b3159f height_medium\"><div class=\"l-section-h i-cf\"><div class=\"g-cols vc_row via_flex valign_top type_default stacking_default\"><div class=\"vc_col-sm-3 wpb_column vc_column_container\"><div class=\"vc_column-inner\"><div class=\"wpb_wrapper\"><div class=\"w-image us_custom_13070f23 align_none\"><div class=\"w-image-h\"><img loading=\"lazy\" decoding=\"async\" width=\"378\" height=\"133\" src=\"https:\/\/dev.olivierraude.me\/perspectivesjeunesse\/wp-content\/uploads\/2024\/09\/logo-rectangle-ohdio.png\" class=\"attachment-large size-large\" alt=\"\" srcset=\"https:\/\/dev.olivierraude.me\/perspectivesjeunesse\/wp-content\/uploads\/2024\/09\/logo-rectangle-ohdio.png 378w, https:\/\/dev.olivierraude.me\/perspectivesjeunesse\/wp-content\/uploads\/2024\/09\/logo-rectangle-ohdio-300x106.png 300w\" sizes=\"auto, (max-width: 378px) 100vw, 378px\" \/><\/div><\/div><div class=\"w-video us_custom_10b539cd align_none ratio_initial\"><div class=\"w-video-h\"><video  preload=\"auto\" playsinline controls><source type=\"video\/mp4\" src=\"https:\/\/dev.olivierraude.me\/perspectivesjeunesse\/wp-content\/uploads\/2024\/11\/video-output-DC10D92C-6A10-4075-99CD-C4E68B3AA325.mp4\" \/><\/video><\/div><div class=\"w-video-icon\" style=\"font-size:1.5rem;background:rgba(0,0,0,0.5);color:#fff\"><\/div><\/div><\/div><\/div><\/div><div class=\"vc_col-sm-3 wpb_column vc_column_container\"><div class=\"vc_column-inner\"><div class=\"wpb_wrapper\"><div class=\"w-image us_custom_9374de67 align_center\"><div class=\"w-image-h\"><img loading=\"lazy\" decoding=\"async\" width=\"301\" height=\"167\" src=\"https:\/\/dev.olivierraude.me\/perspectivesjeunesse\/wp-content\/uploads\/2024\/09\/images.png\" class=\"attachment-large size-large\" alt=\"\" \/><\/div><\/div><div class=\"w-video us_custom_10b539cd align_none ratio_initial with_overlay\" style=\"background-image:url(https:\/\/dev.olivierraude.me\/perspectivesjeunesse\/wp-content\/uploads\/2024\/09\/Screen-Shot-2024-09-24-at-9.04.12-AM.png);\" onclick=\"return {&quot;player_html&quot;:&quot;&lt;video  preload=\\&quot;auto\\&quot; playsinline controls&gt;&lt;source type=\\&quot;video\\\/mp4\\&quot; src=\\&quot;https:\\\/\\\/dev.olivierraude.me\\\/perspectivesjeunesse\\\/wp-content\\\/uploads\\\/2024\\\/09\\\/Entrevue985_29-aout2024.mp4\\&quot; \\\/&gt;&lt;\\\/video&gt;&quot;}\"><div class=\"w-video-h\"><video  preload=\"auto\" playsinline controls><source type=\"video\/mp4\" src=\"https:\/\/dev.olivierraude.me\/perspectivesjeunesse\/wp-content\/uploads\/2024\/09\/Entrevue985_29-aout2024.mp4\" \/><\/video><\/div><div class=\"w-video-icon\" style=\"font-size:1.5rem;background:rgba(0,0,0,0.5);color:#ffffff\"><\/div><\/div><\/div><\/div><\/div><div class=\"vc_col-sm-3 wpb_column vc_column_container\"><div class=\"vc_column-inner\"><div class=\"wpb_wrapper\"><div class=\"w-image us_custom_13070f23 align_none\"><div class=\"w-image-h\"><img loading=\"lazy\" decoding=\"async\" width=\"378\" height=\"133\" src=\"https:\/\/dev.olivierraude.me\/perspectivesjeunesse\/wp-content\/uploads\/2024\/09\/logo-rectangle-ohdio.png\" class=\"attachment-large size-large\" alt=\"\" srcset=\"https:\/\/dev.olivierraude.me\/perspectivesjeunesse\/wp-content\/uploads\/2024\/09\/logo-rectangle-ohdio.png 378w, https:\/\/dev.olivierraude.me\/perspectivesjeunesse\/wp-content\/uploads\/2024\/09\/logo-rectangle-ohdio-300x106.png 300w\" sizes=\"auto, (max-width: 378px) 100vw, 378px\" \/><\/div><\/div><div class=\"w-video us_custom_10b539cd align_none ratio_initial with_overlay\" style=\"background-image:url(https:\/\/dev.olivierraude.me\/perspectivesjeunesse\/wp-content\/uploads\/2024\/09\/Screen-Shot-2024-09-24-at-9.04.25-AM.png);\" onclick=\"return {&quot;player_html&quot;:&quot;&lt;video  preload=\\&quot;auto\\&quot; playsinline controls&gt;&lt;source type=\\&quot;video\\\/mp4\\&quot; src=\\&quot;https:\\\/\\\/dev.olivierraude.me\\\/perspectivesjeunesse\\\/wp-content\\\/uploads\\\/2024\\\/09\\\/15-18-high-rez.mp4\\&quot; \\\/&gt;&lt;\\\/video&gt;&quot;}\"><div class=\"w-video-h\"><video  preload=\"auto\" playsinline controls><source type=\"video\/mp4\" src=\"https:\/\/dev.olivierraude.me\/perspectivesjeunesse\/wp-content\/uploads\/2024\/09\/15-18-high-rez.mp4\" \/><\/video><\/div><div class=\"w-video-icon\" style=\"font-size:1.5rem;background:rgba(0,0,0,0.5);color:#ffffff\"><\/div><\/div><\/div><\/div><\/div><div class=\"vc_col-sm-3 wpb_column vc_column_container\"><div class=\"vc_column-inner\"><div class=\"wpb_wrapper\"><div class=\"w-image us_custom_13070f23 align_none\"><div class=\"w-image-h\"><img loading=\"lazy\" decoding=\"async\" width=\"378\" height=\"133\" src=\"https:\/\/dev.olivierraude.me\/perspectivesjeunesse\/wp-content\/uploads\/2024\/09\/logo-rectangle-ohdio.png\" class=\"attachment-large size-large\" alt=\"\" srcset=\"https:\/\/dev.olivierraude.me\/perspectivesjeunesse\/wp-content\/uploads\/2024\/09\/logo-rectangle-ohdio.png 378w, https:\/\/dev.olivierraude.me\/perspectivesjeunesse\/wp-content\/uploads\/2024\/09\/logo-rectangle-ohdio-300x106.png 300w\" sizes=\"auto, (max-width: 378px) 100vw, 378px\" \/><\/div><\/div><div class=\"w-video align_none ratio_initial with_overlay\" style=\"background-image:url(https:\/\/dev.olivierraude.me\/perspectivesjeunesse\/wp-content\/uploads\/2024\/09\/Screen-Shot-2024-09-24-at-9.04.48-AM.png);\" onclick=\"return {&quot;player_html&quot;:&quot;&lt;video  preload=\\&quot;auto\\&quot; playsinline controls&gt;&lt;source type=\\&quot;video\\\/mp4\\&quot; src=\\&quot;https:\\\/\\\/dev.olivierraude.me\\\/perspectivesjeunesse\\\/wp-content\\\/uploads\\\/2024\\\/09\\\/Entrevue-Ca-nous-regarde-compress.mp4\\&quot; \\\/&gt;&lt;\\\/video&gt;&quot;}\"><div class=\"w-video-h\"><video  preload=\"auto\" playsinline controls><source type=\"video\/mp4\" src=\"https:\/\/dev.olivierraude.me\/perspectivesjeunesse\/wp-content\/uploads\/2024\/09\/Entrevue-Ca-nous-regarde-compress.mp4\" \/><\/video><\/div><div class=\"w-video-icon\" style=\"font-size:1.5rem;background:rgba(0,0,0,0.5);color:#ffffff\"><\/div><\/div><\/div><\/div><\/div><\/div><\/div><\/section><section class=\"l-section wpb_row height_medium\"><div class=\"l-section-h i-cf\"><div class=\"g-cols vc_row via_flex valign_top type_default stacking_default\"><div class=\"vc_col-sm-6 wpb_column vc_column_container\"><div class=\"vc_column-inner\"><div class=\"wpb_wrapper\"><\/div><\/div><\/div><div class=\"vc_col-sm-6 wpb_column vc_column_container\"><div class=\"vc_column-inner\"><div class=\"wpb_wrapper\"><\/div><\/div><\/div><\/div><\/div><\/section>\n","protected":false},"excerpt":{"rendered":"","protected":false},"author":3457,"featured_media":0,"parent":0,"menu_order":0,"comment_status":"closed","ping_status":"closed","template":"","meta":{"_acf_changed":false,"footnotes":""},"class_list":["post-3650","page","type-page","status-publish","hentry"],"acf":[],"yoast_head":"<!-- This site is optimized with the Yoast SEO plugin v24.6 - https:\/\/yoast.com\/wordpress\/plugins\/seo\/ -->\n<title>Entrevues radio - Perspectives Jeunesse<\/title>\n<meta name=\"robots\" content=\"index, follow, max-snippet:-1, max-image-preview:large, max-video-preview:-1\" \/>\n<link rel=\"canonical\" href=\"https:\/\/dev.olivierraude.me\/perspectivesjeunesse\/temoignages\/\" \/>\n<meta property=\"og:locale\" content=\"en_US\" \/>\n<meta property=\"og:type\" content=\"article\" \/>\n<meta property=\"og:title\" content=\"Entrevues radio - Perspectives Jeunesse\" \/>\n<meta property=\"og:url\" content=\"https:\/\/dev.olivierraude.me\/perspectivesjeunesse\/temoignages\/\" \/>\n<meta property=\"og:site_name\" content=\"Perspectives Jeunesse\" \/>\n<meta property=\"article:publisher\" content=\"https:\/\/www.facebook.com\/perspectives.jeunesse\/\" \/>\n<meta property=\"article:modified_time\" content=\"2024-11-04T16:53:55+00:00\" \/>\n<meta name=\"twitter:label1\" content=\"Est. reading time\" \/>\n\t<meta name=\"twitter:data1\" content=\"1 minute\" \/>\n<script type=\"application\/ld+json\" class=\"yoast-schema-graph\">{\"@context\":\"https:\/\/schema.org\",\"@graph\":[{\"@type\":\"WebPage\",\"@id\":\"https:\/\/dev.olivierraude.me\/perspectivesjeunesse\/temoignages\/\",\"url\":\"https:\/\/dev.olivierraude.me\/perspectivesjeunesse\/temoignages\/\",\"name\":\"Entrevues radio - Perspectives Jeunesse\",\"isPartOf\":{\"@id\":\"https:\/\/dev.olivierraude.me\/perspectivesjeunesse\/#website\"},\"datePublished\":\"2024-09-12T15:23:04+00:00\",\"dateModified\":\"2024-11-04T16:53:55+00:00\",\"breadcrumb\":{\"@id\":\"https:\/\/dev.olivierraude.me\/perspectivesjeunesse\/temoignages\/#breadcrumb\"},\"inLanguage\":\"en-US\",\"potentialAction\":[{\"@type\":\"ReadAction\",\"target\":[\"https:\/\/dev.olivierraude.me\/perspectivesjeunesse\/temoignages\/\"]}]},{\"@type\":\"BreadcrumbList\",\"@id\":\"https:\/\/dev.olivierraude.me\/perspectivesjeunesse\/temoignages\/#breadcrumb\",\"itemListElement\":[{\"@type\":\"ListItem\",\"position\":1,\"name\":\"Home\",\"item\":\"https:\/\/dev.olivierraude.me\/perspectivesjeunesse\/\"},{\"@type\":\"ListItem\",\"position\":2,\"name\":\"Entrevues radio\"}]},{\"@type\":\"WebSite\",\"@id\":\"https:\/\/dev.olivierraude.me\/perspectivesjeunesse\/#website\",\"url\":\"https:\/\/dev.olivierraude.me\/perspectivesjeunesse\/\",\"name\":\"Perspectives Jeunesse\",\"description\":\"Pr\u00e9vention du d\u00e9crochage scolaire et soutien au retour \u00e0 l&#039;\u00e9cole\",\"publisher\":{\"@id\":\"https:\/\/dev.olivierraude.me\/perspectivesjeunesse\/#organization\"},\"potentialAction\":[{\"@type\":\"SearchAction\",\"target\":{\"@type\":\"EntryPoint\",\"urlTemplate\":\"https:\/\/dev.olivierraude.me\/perspectivesjeunesse\/?s={search_term_string}\"},\"query-input\":{\"@type\":\"PropertyValueSpecification\",\"valueRequired\":true,\"valueName\":\"search_term_string\"}}],\"inLanguage\":\"en-US\"},{\"@type\":\"Organization\",\"@id\":\"https:\/\/dev.olivierraude.me\/perspectivesjeunesse\/#organization\",\"name\":\"Perspectives Jeunesse\",\"url\":\"https:\/\/dev.olivierraude.me\/perspectivesjeunesse\/\",\"logo\":{\"@type\":\"ImageObject\",\"inLanguage\":\"en-US\",\"@id\":\"https:\/\/dev.olivierraude.me\/perspectivesjeunesse\/#\/schema\/logo\/image\/\",\"url\":\"https:\/\/dev.olivierraude.me\/perspectivesjeunesse\/wp-content\/uploads\/2020\/05\/PJ_RGB_Small.png\",\"contentUrl\":\"https:\/\/dev.olivierraude.me\/perspectivesjeunesse\/wp-content\/uploads\/2020\/05\/PJ_RGB_Small.png\",\"width\":500,\"height\":245,\"caption\":\"Perspectives Jeunesse\"},\"image\":{\"@id\":\"https:\/\/dev.olivierraude.me\/perspectivesjeunesse\/#\/schema\/logo\/image\/\"},\"sameAs\":[\"https:\/\/www.facebook.com\/perspectives.jeunesse\/\",\"https:\/\/www.instagram.com\/pj_perspectivesjeunesse\/\",\"https:\/\/www.youtube.com\/@perspectivesjeunesse-montreal\/\",\"https:\/\/www.linkedin.com\/company\/perspectives-jeunesse\"]}]}<\/script>\n<!-- \/ Yoast SEO plugin. -->","yoast_head_json":{"title":"Entrevues radio - Perspectives Jeunesse","robots":{"index":"index","follow":"follow","max-snippet":"max-snippet:-1","max-image-preview":"max-image-preview:large","max-video-preview":"max-video-preview:-1"},"canonical":"https:\/\/dev.olivierraude.me\/perspectivesjeunesse\/temoignages\/","og_locale":"en_US","og_type":"article","og_title":"Entrevues radio - Perspectives Jeunesse","og_url":"https:\/\/dev.olivierraude.me\/perspectivesjeunesse\/temoignages\/","og_site_name":"Perspectives Jeunesse","article_publisher":"https:\/\/www.facebook.com\/perspectives.jeunesse\/","article_modified_time":"2024-11-04T16:53:55+00:00","twitter_misc":{"Est. reading time":"1 minute"},"schema":{"@context":"https:\/\/schema.org","@graph":[{"@type":"WebPage","@id":"https:\/\/dev.olivierraude.me\/perspectivesjeunesse\/temoignages\/","url":"https:\/\/dev.olivierraude.me\/perspectivesjeunesse\/temoignages\/","name":"Entrevues radio - Perspectives Jeunesse","isPartOf":{"@id":"https:\/\/dev.olivierraude.me\/perspectivesjeunesse\/#website"},"datePublished":"2024-09-12T15:23:04+00:00","dateModified":"2024-11-04T16:53:55+00:00","breadcrumb":{"@id":"https:\/\/dev.olivierraude.me\/perspectivesjeunesse\/temoignages\/#breadcrumb"},"inLanguage":"en-US","potentialAction":[{"@type":"ReadAction","target":["https:\/\/dev.olivierraude.me\/perspectivesjeunesse\/temoignages\/"]}]},{"@type":"BreadcrumbList","@id":"https:\/\/dev.olivierraude.me\/perspectivesjeunesse\/temoignages\/#breadcrumb","itemListElement":[{"@type":"ListItem","position":1,"name":"Home","item":"https:\/\/dev.olivierraude.me\/perspectivesjeunesse\/"},{"@type":"ListItem","position":2,"name":"Entrevues radio"}]},{"@type":"WebSite","@id":"https:\/\/dev.olivierraude.me\/perspectivesjeunesse\/#website","url":"https:\/\/dev.olivierraude.me\/perspectivesjeunesse\/","name":"Perspectives Jeunesse","description":"Pr\u00e9vention du d\u00e9crochage scolaire et soutien au retour \u00e0 l&#039;\u00e9cole","publisher":{"@id":"https:\/\/dev.olivierraude.me\/perspectivesjeunesse\/#organization"},"potentialAction":[{"@type":"SearchAction","target":{"@type":"EntryPoint","urlTemplate":"https:\/\/dev.olivierraude.me\/perspectivesjeunesse\/?s={search_term_string}"},"query-input":{"@type":"PropertyValueSpecification","valueRequired":true,"valueName":"search_term_string"}}],"inLanguage":"en-US"},{"@type":"Organization","@id":"https:\/\/dev.olivierraude.me\/perspectivesjeunesse\/#organization","name":"Perspectives Jeunesse","url":"https:\/\/dev.olivierraude.me\/perspectivesjeunesse\/","logo":{"@type":"ImageObject","inLanguage":"en-US","@id":"https:\/\/dev.olivierraude.me\/perspectivesjeunesse\/#\/schema\/logo\/image\/","url":"https:\/\/dev.olivierraude.me\/perspectivesjeunesse\/wp-content\/uploads\/2020\/05\/PJ_RGB_Small.png","contentUrl":"https:\/\/dev.olivierraude.me\/perspectivesjeunesse\/wp-content\/uploads\/2020\/05\/PJ_RGB_Small.png","width":500,"height":245,"caption":"Perspectives Jeunesse"},"image":{"@id":"https:\/\/dev.olivierraude.me\/perspectivesjeunesse\/#\/schema\/logo\/image\/"},"sameAs":["https:\/\/www.facebook.com\/perspectives.jeunesse\/","https:\/\/www.instagram.com\/pj_perspectivesjeunesse\/","https:\/\/www.youtube.com\/@perspectivesjeunesse-montreal\/","https:\/\/www.linkedin.com\/company\/perspectives-jeunesse"]}]}},"_links":{"self":[{"href":"https:\/\/dev.olivierraude.me\/perspectivesjeunesse\/wp-json\/wp\/v2\/pages\/3650","targetHints":{"allow":["GET"]}}],"collection":[{"href":"https:\/\/dev.olivierraude.me\/perspectivesjeunesse\/wp-json\/wp\/v2\/pages"}],"about":[{"href":"https:\/\/dev.olivierraude.me\/perspectivesjeunesse\/wp-json\/wp\/v2\/types\/page"}],"author":[{"embeddable":true,"href":"https:\/\/dev.olivierraude.me\/perspectivesjeunesse\/wp-json\/wp\/v2\/users\/3457"}],"replies":[{"embeddable":true,"href":"https:\/\/dev.olivierraude.me\/perspectivesjeunesse\/wp-json\/wp\/v2\/comments?post=3650"}],"version-history":[{"count":37,"href":"https:\/\/dev.olivierraude.me\/perspectivesjeunesse\/wp-json\/wp\/v2\/pages\/3650\/revisions"}],"predecessor-version":[{"id":3654,"href":"https:\/\/dev.olivierraude.me\/perspectivesjeunesse\/wp-json\/wp\/v2\/pages\/3650\/revisions\/3654"}],"wp:attachment":[{"href":"https:\/\/dev.olivierraude.me\/perspectivesjeunesse\/wp-json\/wp\/v2\/media?parent=3650"}],"curies":[{"name":"wp","href":"https:\/\/api.w.org\/{rel}","templated":true}]}}